{"id":7293,"date":"2015-12-14T07:14:55","date_gmt":"2015-12-14T07:14:55","guid":{"rendered":"http:\/\/www.fuga.lmelmak.com\/sample-page-2\/"},"modified":"2020-09-25T12:20:26","modified_gmt":"2020-09-25T12:20:26","slug":"sample-page-2","status":"publish","type":"page","link":"http:\/\/fugayapi.com.tr\/en\/","title":{"rendered":"Home"},"content":{"rendered":"<p>[vc_row][vc_column][rev_slider_vc alias=&#8221;home-1&#8243;][\/vc_column][\/vc_row][vc_row full_width=&#8221;stretch_row&#8221; css=&#8221;.vc_custom_1600956648252{background-color: #f2f2f2 !important;}&#8221;][vc_column][vc_empty_space][vc_row_inner][vc_column_inner][vc_single_image image=&#8221;7294&#8243; img_size=&#8221;full&#8221; alignment=&#8221;center&#8221;][vc_empty_space][vc_column_text]<\/p>\n<p style=\"text-align: center;\"><span class=\"color-primary\">Fuga Yap\u0131 Teknik, has been established in the year 2005, Fuga Yap\u0131 Teknik is a \u201cLegal Entity\u201downed by one person-Mr Cenk \u00c7ET\u0130N. Fuga Yap\u0131 Teknik possesses the main field of business as; Design&amp;ConstructionConsultancy and Management from Architectural point of view.<\/span><\/p>\n<p>[\/vc_column_text][vc_empty_space][vc_btn title=&#8221;About Us&#8221; style=&#8221;outline&#8221; color=&#8221;primary&#8221; align=&#8221;center&#8221; link=&#8221;url:%2Fen%2Fhakkimizda&#8221;][\/vc_column_inner][\/vc_row_inner][vc_empty_space][\/vc_column][\/vc_row][vc_row full_width=&#8221;stretch_row&#8221; css=&#8221;.vc_custom_1600956188678{margin-top: 1px !important;}&#8221;][vc_column][stm_spacing lg_spacing=&#8221;100&#8243; md_spacing=&#8221;100&#8243; sm_spacing=&#8221;65&#8243; xs_spacing=&#8221;65&#8243;][vc_custom_heading text=&#8221;Service Areas&#8221; font_container=&#8221;tag:h2|text_align:center&#8221; use_theme_fonts=&#8221;yes&#8221;][stm_spacing lg_spacing=&#8221;30&#8243; md_spacing=&#8221;30&#8243; sm_spacing=&#8221;18&#8243; xs_spacing=&#8221;12&#8243;][stm_animation_block animation=&#8221;fadeIn&#8221; animation_duration=&#8221;2&#8243; animation_delay=&#8221;0&#8243;][vc_basic_grid post_type=&#8221;ids&#8221; item=&#8221;7075&#8243; grid_id=&#8221;vc_gid:1601035522842-8fbe2d3d-bff7-4&#8243; include=&#8221;7051, 7060, 7063&#8243;][vc_row_inner][vc_column_inner width=&#8221;1\/6&#8243;][\/vc_column_inner][vc_column_inner width=&#8221;2\/3&#8243;][vc_basic_grid post_type=&#8221;ids&#8221; element_width=&#8221;6&#8243; item=&#8221;7075&#8243; grid_id=&#8221;vc_gid:1601035522845-81540139-284f-7&#8243; include=&#8221;7067, 7070&#8243;][\/vc_column_inner][vc_column_inner width=&#8221;1\/6&#8243;][\/vc_column_inner][\/vc_row_inner][\/stm_animation_block][stm_spacing lg_spacing=&#8221;69&#8243; md_spacing=&#8221;69&#8243; sm_spacing=&#8221;60&#8243; xs_spacing=&#8221;60&#8243;][\/vc_column][\/vc_row][vc_row full_width=&#8221;stretch_row&#8221;][vc_column][vc_custom_heading text=&#8221;Blog&#8221; font_container=&#8221;tag:h2|text_align:center&#8221; use_theme_fonts=&#8221;yes&#8221; css=&#8221;.vc_custom_1600956590703{margin-bottom: 49px !important;}&#8221;][stm_news posts_per_row=&#8221;3&#8243;][stm_spacing lg_spacing=&#8221;67&#8243; md_spacing=&#8221;67&#8243; sm_spacing=&#8221;60&#8243; xs_spacing=&#8221;88&#8243;][\/vc_column][\/vc_row][vc_row full_width=&#8221;stretch_row&#8221; css=&#8221;.vc_custom_1600957288856{padding-top: 42px !important;padding-bottom: 39px !important;}&#8221;][vc_column][vc_custom_heading text=&#8221;References&#8221; font_container=&#8221;tag:h2|text_align:center&#8221; use_theme_fonts=&#8221;yes&#8221; css=&#8221;.vc_custom_1601035422394{margin-bottom: 49px !important;}&#8221;][stm_image_carousel grayscale=&#8221;yes&#8221; img_size=&#8221;full&#8221; items_mobile=&#8221;2&#8243; images=&#8221;7088,7087,7086,7081,7182,7188&#8243;][\/vc_column][\/vc_row][vc_row full_width=&#8221;stretch_row&#8221; el_class=&#8221;overlay_4&#8243; css=&#8221;.vc_custom_1600957397297{margin-bottom: -1px !important;background-image: url(http:\/\/www.fuga.lmelmak.com\/wp-content\/uploads\/2019\/09\/slider03.jpg?id=7165) !important;background-position: center !important;background-repeat: no-repeat !important;background-size: cover !important;}&#8221;][vc_column][stm_spacing lg_spacing=&#8221;78&#8243; md_spacing=&#8221;78&#8243; sm_spacing=&#8221;65&#8243; xs_spacing=&#8221;65&#8243;][vc_row_inner][vc_column_inner offset=&#8221;vc_col-lg-5 vc_col-md-5&#8243;][vc_custom_heading stripe_pos=&#8221;hide&#8221; text=&#8221;<mark>Contact<\/mark> Us&#8221; font_container=&#8221;tag:h3|font_size:30px|text_align:left|color:%23ffffff&#8221; use_theme_fonts=&#8221;yes&#8221; css=&#8221;.vc_custom_1601035476006{margin-bottom: -6px !important;}&#8221;][vc_column_text]<span style=\"color: #ffffff;\">To get information about our brand and our services, you can contact us by filling out the form on the side or at our other contact addresses.<\/span>[\/vc_column_text][\/vc_column_inner][vc_column_inner offset=&#8221;vc_col-lg-7 vc_col-md-7&#8243;][stm_spacing lg_spacing=&#8221;7px&#8221; md_spacing=&#8221;7px&#8221; sm_spacing=&#8221;7px&#8221; xs_spacing=&#8221;30px&#8221;]<div role=\"form\" class=\"wpcf7\" id=\"wpcf7-f7291-o1\" lang=\"en-US\" dir=\"ltr\">\n<div class=\"screen-reader-response\" role=\"alert\" aria-live=\"polite\"><\/div>\n<form action=\"\/en\/wp-json\/wp\/v2\/pages\/7293\/#wpcf7-f7291-o1\" method=\"post\" class=\"wpcf7-form init\" novalidate=\"novalidate\">\n<div style=\"display: none;\">\n<input type=\"hidden\" name=\"_wpcf7\" value=\"7291\" \/>\n<input type=\"hidden\" name=\"_wpcf7_version\" value=\"5.2.2\" \/>\n<input type=\"hidden\" name=\"_wpcf7_locale\" value=\"en_US\" \/>\n<input type=\"hidden\" name=\"_wpcf7_unit_tag\" value=\"wpcf7-f7291-o1\" \/>\n<input type=\"hidden\" name=\"_wpcf7_container_post\" value=\"0\" \/>\n<input type=\"hidden\" name=\"_wpcf7_posted_data_hash\" value=\"\" \/>\n<\/div>\n<div class=\"member_feedback\">\n<div class=\"row\">\n<div class=\"col-lg-6 col-md-6 col-sm-6 col-xs-12\">\n<div class=\"input-group\">\n                <span class=\"wpcf7-form-control-wrap text-name\"><input type=\"text\" name=\"text-name\" value=\"\" size=\"40\" class=\"wpcf7-form-control wpcf7-text wpcf7-validates-as-required\" aria-required=\"true\" aria-invalid=\"false\" placeholder=\"Your Name\" \/><\/span>\n            <\/div><\/div>\n<div class=\"col-lg-6 col-md-6 col-sm-6 col-xs-12\">\n<div class=\"input-group\">\n                <span class=\"wpcf7-form-control-wrap email\"><input type=\"email\" name=\"email\" value=\"\" size=\"40\" class=\"wpcf7-form-control wpcf7-text wpcf7-email wpcf7-validates-as-required wpcf7-validates-as-email\" aria-required=\"true\" aria-invalid=\"false\" placeholder=\"E-mail\" \/><\/span>\n            <\/div><\/div>\n<div class=\"col-lg-6 col-md-6 col-sm-6 col-xs-12\">\n<div class=\"input-group\">\n                <span class=\"wpcf7-form-control-wrap textarea-414\"><textarea name=\"textarea-414\" cols=\"40\" rows=\"10\" class=\"wpcf7-form-control wpcf7-textarea wpcf7-validates-as-required\" aria-required=\"true\" aria-invalid=\"false\" placeholder=\"Your Message\"><\/textarea><\/span>\n            <\/div><\/div>\n<div class=\"col-lg-6 col-md-6 col-sm-6 col-xs-12\">\n<div class=\"input-group\">\n                <span class=\"wpcf7-form-control-wrap phone\"><input type=\"tel\" name=\"phone\" value=\"\" size=\"40\" class=\"wpcf7-form-control wpcf7-text wpcf7-tel wpcf7-validates-as-required wpcf7-validates-as-tel\" aria-required=\"true\" aria-invalid=\"false\" placeholder=\"Your Phone Number\" \/><\/span>\n            <\/div><\/div>\n<div class=\"col-lg-6 col-md-6 col-sm-6 col-xs-12\">\n<div class=\"input-group\">\n                 <button type=\"submit\" class=\"button size-lg icon_left\"><i class=\"fa fa-chevron-right\"><\/i> Submit<\/button>\n            <\/div><\/div><\/div>\n<\/div>\n<div class=\"wpcf7-response-output\" role=\"alert\" aria-hidden=\"true\"><\/div><\/form><\/div>[\/vc_column_inner][\/vc_row_inner][stm_spacing lg_spacing=&#8221;91&#8243; md_spacing=&#8221;91&#8243; sm_spacing=&#8221;70&#8243; xs_spacing=&#8221;70&#8243;][\/vc_column][\/vc_row]<\/p>\n","protected":false},"excerpt":{"rendered":"<p>[vc_row][vc_column][rev_slider_vc alias=&#8221;home-1&#8243;][\/vc_column][\/vc_row][vc_row full_width=&#8221;stretch_row&#8221; css=&#8221;.vc_custom_1600956648252{background-color: #f2f2f2 !important;}&#8221;][vc_column][vc_empty_space][vc_row_inner][vc_column_inner][vc_single_image image=&#8221;7294&#8243; img_size=&#8221;full&#8221; alignment=&#8221;center&#8221;][vc_empty_space][vc_column_text] Fuga Yap\u0131 Teknik, has been established in the year 2005, Fuga Yap\u0131 Teknik is a \u201cLegal Entity\u201downed by one person-Mr Cenk \u00c7ET\u0130N. Fuga Yap\u0131 Teknik possesses the main field of business as; Design&amp;ConstructionConsultancy and Management from Architectural point of view. [\/vc_column_text][vc_empty_space][vc_btn title=&#8221;About Us&#8221; style=&#8221;outline&#8221; color=&#8221;primary&#8221; align=&#8221;center&#8221;<\/p>\n","protected":false},"author":1,"featured_media":0,"parent":0,"menu_order":0,"comment_status":"closed","ping_status":"closed","template":"","meta":[],"_links":{"self":[{"href":"http:\/\/fugayapi.com.tr\/en\/wp-json\/wp\/v2\/pages\/7293\/"}],"collection":[{"href":"http:\/\/fugayapi.com.tr\/en\/wp-json\/wp\/v2\/pages\/"}],"about":[{"href":"http:\/\/fugayapi.com.tr\/en\/wp-json\/wp\/v2\/types\/page\/"}],"author":[{"embeddable":true,"href":"http:\/\/fugayapi.com.tr\/en\/wp-json\/wp\/v2\/users\/1\/"}],"replies":[{"embeddable":true,"href":"http:\/\/fugayapi.com.tr\/en\/wp-json\/wp\/v2\/comments\/?post=7293"}],"version-history":[{"count":6,"href":"http:\/\/fugayapi.com.tr\/en\/wp-json\/wp\/v2\/pages\/7293\/revisions\/"}],"predecessor-version":[{"id":7337,"href":"http:\/\/fugayapi.com.tr\/en\/wp-json\/wp\/v2\/pages\/7293\/revisions\/7337\/"}],"wp:attachment":[{"href":"http:\/\/fugayapi.com.tr\/en\/wp-json\/wp\/v2\/media\/?parent=7293"}],"curies":[{"name":"wp","href":"https:\/\/api.w.org\/{rel}","templated":true}]}}