{"id":7260,"date":"2020-09-24T11:44:52","date_gmt":"2020-09-24T11:44:52","guid":{"rendered":"http:\/\/www.fuga.lmelmak.com\/teknik-koordinasyon-danismanlik-musavirlik-2\/"},"modified":"2020-09-25T10:49:38","modified_gmt":"2020-09-25T10:49:38","slug":"teknik-koordinasyon-danismanlik-musavirlik-2","status":"publish","type":"page","link":"http:\/\/fugayapi.com.tr\/en\/teknik-koordinasyon-danismanlik-musavirlik-2\/","title":{"rendered":"Technical Coordination Consultancy &#038; Supervision"},"content":{"rendered":"<p>[vc_row][vc_column width=&#8221;1\/5&#8243;][vc_wp_custommenu nav_menu=&#8221;71&#8243;][\/vc_column][vc_column width=&#8221;4\/5&#8243;][vc_row_inner][vc_column_inner width=&#8221;1\/3&#8243;][stm_info_box style=&#8221;style_4&#8243; title=&#8221;DORUK TIP MERKEZ\u0130&#8221;]The Client \u201cDORUK TIP MERKEZ\u0130\u201d, Medical Clinic, Construction Management &amp; Superintendence service on behalf of the Employer during the Renovation Period \u2013 Demetevler \/ ANKARA (2007)[\/stm_info_box][\/vc_column_inner][vc_column_inner width=&#8221;1\/3&#8243;][stm_info_box style=&#8221;style_4&#8243; title=&#8221;BOR-SU PROJE&#8221;]The Client; \u201cBOR-SU PROJE\u201d, Project Management for VIA TOWER office fit-out works \u2013 ANKARA (2013)[\/stm_info_box][\/vc_column_inner][vc_column_inner width=&#8221;1\/3&#8243;][stm_info_box style=&#8221;style_4&#8243; title=&#8221;M\u0130RANDA&#8221;]The Client; \u201cM\u0130RANDA\u201d, Project Management and Supervision for new Main Office \u2013 ANKARA (2013)[\/stm_info_box][\/vc_column_inner][\/vc_row_inner][vc_empty_space][vc_row_inner][vc_column_inner width=&#8221;1\/3&#8243;][stm_info_box style=&#8221;style_4&#8243; title=&#8221;DEST\u0130NA GRUP&#8221;]The Client; \u201cDestina Grup\u201d, Site Supervision and Technical Consultancy for ADEN Boutique Hotel \u2013 ABANT\/BOLU-(2014)[\/stm_info_box][\/vc_column_inner][vc_column_inner width=&#8221;1\/3&#8243;][stm_info_box style=&#8221;style_4&#8243; title=&#8221;DO\u011eANLAR YATIRIM HOLD\u0130NG&#8221;]The Client; \u201cDo\u011fanlar Yat\u0131r\u0131m Holding\u201d, Project Management for VIA TOWER office fit-out works \u2013 ANKARA (2015)[\/stm_info_box][\/vc_column_inner][vc_column_inner width=&#8221;1\/3&#8243;][stm_info_box style=&#8221;style_4&#8243; title=&#8221;DO\u011eANLAR YATIRIM HOLD\u0130NG&#8221;]The Client; \u201cDo\u011fanlar Yat\u0131r\u0131m Holding\u201d, Project Management and Technical Consultancy for FAR\u0130LYA office retro-fitting works \u2013 ANKARA (2016)[\/stm_info_box][\/vc_column_inner][\/vc_row_inner][vc_empty_space][vc_row_inner][vc_column_inner width=&#8221;1\/3&#8243;][stm_info_box style=&#8221;style_4&#8243; title=&#8221;WYG T\u00dcRK\u0130YE&#8221;]The Client; \u201cWYG-T\u00dcRK\u0130YE\u201d , Project Management and Supervision for new Main Office Administration Building \u2013 ANKARA (2017)[\/stm_info_box][\/vc_column_inner][vc_column_inner width=&#8221;1\/3&#8243;][\/vc_column_inner][vc_column_inner width=&#8221;1\/3&#8243;][\/vc_column_inner][\/vc_row_inner][\/vc_column][\/vc_row]<\/p>\n","protected":false},"excerpt":{"rendered":"<p>[vc_row][vc_column width=&#8221;1\/5&#8243;][vc_wp_custommenu nav_menu=&#8221;71&#8243;][\/vc_column][vc_column width=&#8221;4\/5&#8243;][vc_row_inner][vc_column_inner width=&#8221;1\/3&#8243;][stm_info_box style=&#8221;style_4&#8243; title=&#8221;DORUK TIP MERKEZ\u0130&#8221;]The Client \u201cDORUK TIP MERKEZ\u0130\u201d, Medical Clinic, Construction Management &amp; Superintendence service on behalf of the Employer during the Renovation Period \u2013 Demetevler \/ ANKARA (2007)[\/stm_info_box][\/vc_column_inner][vc_column_inner width=&#8221;1\/3&#8243;][stm_info_box style=&#8221;style_4&#8243; title=&#8221;BOR-SU PROJE&#8221;]The Client; \u201cBOR-SU PROJE\u201d, Project Management for VIA TOWER office fit-out works \u2013 ANKARA (2013)[\/stm_info_box][\/vc_column_inner][vc_column_inner width=&#8221;1\/3&#8243;][stm_info_box style=&#8221;style_4&#8243; title=&#8221;M\u0130RANDA&#8221;]The<\/p>\n","protected":false},"author":1,"featured_media":0,"parent":0,"menu_order":0,"comment_status":"closed","ping_status":"closed","template":"","meta":[],"_links":{"self":[{"href":"http:\/\/fugayapi.com.tr\/en\/wp-json\/wp\/v2\/pages\/7260\/"}],"collection":[{"href":"http:\/\/fugayapi.com.tr\/en\/wp-json\/wp\/v2\/pages\/"}],"about":[{"href":"http:\/\/fugayapi.com.tr\/en\/wp-json\/wp\/v2\/types\/page\/"}],"author":[{"embeddable":true,"href":"http:\/\/fugayapi.com.tr\/en\/wp-json\/wp\/v2\/users\/1\/"}],"replies":[{"embeddable":true,"href":"http:\/\/fugayapi.com.tr\/en\/wp-json\/wp\/v2\/comments\/?post=7260"}],"version-history":[{"count":3,"href":"http:\/\/fugayapi.com.tr\/en\/wp-json\/wp\/v2\/pages\/7260\/revisions\/"}],"predecessor-version":[{"id":7263,"href":"http:\/\/fugayapi.com.tr\/en\/wp-json\/wp\/v2\/pages\/7260\/revisions\/7263\/"}],"wp:attachment":[{"href":"http:\/\/fugayapi.com.tr\/en\/wp-json\/wp\/v2\/media\/?parent=7260"}],"curies":[{"name":"wp","href":"https:\/\/api.w.org\/{rel}","templated":true}]}}