{"id":7249,"date":"2020-09-24T11:19:22","date_gmt":"2020-09-24T11:19:22","guid":{"rendered":"http:\/\/www.fuga.lmelmak.com\/insaat-oncesi-muhtelif-hizmetler\/"},"modified":"2020-09-25T10:44:33","modified_gmt":"2020-09-25T10:44:33","slug":"insaat-oncesi-muhtelif-hizmetler","status":"publish","type":"page","link":"http:\/\/fugayapi.com.tr\/en\/insaat-oncesi-muhtelif-hizmetler\/","title":{"rendered":"Pre Construction Works"},"content":{"rendered":"<p>[vc_row][vc_column width=&#8221;1\/5&#8243;][vc_wp_custommenu nav_menu=&#8221;71&#8243;][\/vc_column][vc_column width=&#8221;4\/5&#8243;][vc_row_inner][vc_column_inner width=&#8221;1\/3&#8243;][stm_info_box style=&#8221;style_4&#8243; title=&#8221;FAMERGROUP&#8221;]For the Client \u201cFAMERGROUP; Preparation of Contractor\u2019s Proposal Documents of the Works within FIDIC Design &amp; Build tender for<br \/>\nAdministrative Building project in Afghanistan (2014)[\/stm_info_box][\/vc_column_inner][vc_column_inner width=&#8221;1\/3&#8243;][stm_info_box style=&#8221;style_4&#8243; title=&#8221;TUNA A.\u015e&#8221;]For the Client \u201cTUNA A.\u015e.\u201d ; Preparation of Contractor\u2019s Proposal Documents of the Works within FIDIC Design&amp;Build tender for<br \/>\nKoyankus Development Housing project in Almaty\/Kazakhstan (2011)[\/stm_info_box][\/vc_column_inner][vc_column_inner width=&#8221;1\/3&#8243;][stm_info_box style=&#8221;style_4&#8243; title=&#8221;FAMERGROUP&#8221;]For the Client \u201cFAMERGROUP\u201d ; Preparation of Contractor\u2019s Proposal Documents of the Works within FIDIC Red Book conditions for Baghdat Hospital project in Iraq (2013)[\/stm_info_box][\/vc_column_inner][\/vc_row_inner][vc_empty_space][vc_row_inner][vc_column_inner width=&#8221;1\/3&#8243;][stm_info_box style=&#8221;style_4&#8243; title=&#8221;WYG INTERNATIONAL &amp; SOFRECO KONSORS\u0130YUMU&#8221;]Design Expert of WYG International Limited -Design Consultant of the project: \u201cTechnical Assistance for the Reception Centers for Asylum Seekers and Refugees and Removal Centers for the Illegal Migrants\u201d project with no:Europaid\/126582\/D\/SER\/TR. Responsible in; Preparing the outputs of full<br \/>\nWorks Tender Dossier in accordance with FIDIC-Red Book, 1999 version, Requirements &amp; EU Commissions PRAG Manual of Procedures.[\/stm_info_box][\/vc_column_inner][vc_column_inner width=&#8221;1\/3&#8243;][stm_info_box style=&#8221;style_4&#8243; title=&#8221;BAYTURAN \u0130N\u015eAAT&#8221;]For the Client \u201cBAYTURAN \u0130N\u015eAAT VE TUR\u0130ZM YATIRIM SANAY\u0130 T\u0130CARET A.\u015e.\u201d ; Preparation of Contractor\u2019s Proposal Documents of the Works within FIDIC Design &amp; Build tender for Hilton Batumi in Georgia (2012)[\/stm_info_box][\/vc_column_inner][vc_column_inner width=&#8221;1\/3&#8243;][\/vc_column_inner][\/vc_row_inner][\/vc_column][\/vc_row]<\/p>\n","protected":false},"excerpt":{"rendered":"<p>[vc_row][vc_column width=&#8221;1\/5&#8243;][vc_wp_custommenu nav_menu=&#8221;71&#8243;][\/vc_column][vc_column width=&#8221;4\/5&#8243;][vc_row_inner][vc_column_inner width=&#8221;1\/3&#8243;][stm_info_box style=&#8221;style_4&#8243; title=&#8221;FAMERGROUP&#8221;]For the Client \u201cFAMERGROUP; Preparation of Contractor\u2019s Proposal Documents of the Works within FIDIC Design &amp; Build tender for Administrative Building project in Afghanistan (2014)[\/stm_info_box][\/vc_column_inner][vc_column_inner width=&#8221;1\/3&#8243;][stm_info_box style=&#8221;style_4&#8243; title=&#8221;TUNA A.\u015e&#8221;]For the Client \u201cTUNA A.\u015e.\u201d ; Preparation of Contractor\u2019s Proposal Documents of the Works within FIDIC Design&amp;Build tender for Koyankus Development<\/p>\n","protected":false},"author":1,"featured_media":0,"parent":0,"menu_order":0,"comment_status":"closed","ping_status":"closed","template":"","meta":[],"_links":{"self":[{"href":"http:\/\/fugayapi.com.tr\/en\/wp-json\/wp\/v2\/pages\/7249\/"}],"collection":[{"href":"http:\/\/fugayapi.com.tr\/en\/wp-json\/wp\/v2\/pages\/"}],"about":[{"href":"http:\/\/fugayapi.com.tr\/en\/wp-json\/wp\/v2\/types\/page\/"}],"author":[{"embeddable":true,"href":"http:\/\/fugayapi.com.tr\/en\/wp-json\/wp\/v2\/users\/1\/"}],"replies":[{"embeddable":true,"href":"http:\/\/fugayapi.com.tr\/en\/wp-json\/wp\/v2\/comments\/?post=7249"}],"version-history":[{"count":3,"href":"http:\/\/fugayapi.com.tr\/en\/wp-json\/wp\/v2\/pages\/7249\/revisions\/"}],"predecessor-version":[{"id":7255,"href":"http:\/\/fugayapi.com.tr\/en\/wp-json\/wp\/v2\/pages\/7249\/revisions\/7255\/"}],"wp:attachment":[{"href":"http:\/\/fugayapi.com.tr\/en\/wp-json\/wp\/v2\/media\/?parent=7249"}],"curies":[{"name":"wp","href":"https:\/\/api.w.org\/{rel}","templated":true}]}}