{"id":7245,"date":"2020-09-24T11:56:05","date_gmt":"2020-09-24T11:56:05","guid":{"rendered":"http:\/\/www.fuga.lmelmak.com\/yapi-tasarimi-hizmeti\/"},"modified":"2020-09-25T10:41:55","modified_gmt":"2020-09-25T10:41:55","slug":"yapi-tasarimi-hizmeti","status":"publish","type":"page","link":"http:\/\/fugayapi.com.tr\/en\/yapi-tasarimi-hizmeti\/","title":{"rendered":"Building Design"},"content":{"rendered":"<p>[vc_row][vc_column width=&#8221;1\/5&#8243;][vc_wp_custommenu nav_menu=&#8221;71&#8243;][\/vc_column][vc_column width=&#8221;4\/5&#8243;][vc_row_inner][vc_column_inner width=&#8221;1\/3&#8243;][stm_info_box style=&#8221;style_4&#8243; title=&#8221;TEKNOMAR&#8221;]\u2022 The company \u201cTEKNOMAR\u201d branch office Interior Design works \u2013 Bilkent Cyber Plaza \/ ANKARA (2005)[\/stm_info_box][\/vc_column_inner][vc_column_inner width=&#8221;1\/3&#8243;][stm_info_box style=&#8221;style_4&#8243; title=&#8221;ARSLAN HUKUK B\u00dcROSU&#8221;]The Law office \u201cARSLAN HUKUK B\u00dcROSU\u201d main office Layout &amp; Renovation and Interior design works \u2013 Ayd\u0131nl\u0131kevler \/ ANKARA (2006)[\/stm_info_box][\/vc_column_inner][vc_column_inner width=&#8221;1\/3&#8243;][stm_info_box style=&#8221;style_4&#8243; title=&#8221;TEPE TEKNOLOJ\u0130&#8221;]The company \u201cTEPE TEKNOLOJ\u0130\u201d main office Layout &amp; Renovation and Interior design works \u2013 Bilkent \/ ANKARA (2006)[\/stm_info_box][\/vc_column_inner][\/vc_row_inner][vc_empty_space][vc_row_inner][vc_column_inner width=&#8221;1\/3&#8243;][stm_info_box style=&#8221;style_4&#8243; title=&#8221;PROF. DR. KAZIM YAZICI&#8221;]The Doctor\u2019s Clinic of \u201cProf.Dr.Kaz\u0131m YAZICI Layout &amp; Interior design works \u2013 \u00c7ankaya \/ ANKARA (2007)[\/stm_info_box][\/vc_column_inner][vc_column_inner width=&#8221;1\/3&#8243;][stm_info_box style=&#8221;style_4&#8243; title=&#8221;TEKNOMAR&#8221;]The company \u201cTEKNOMAR\u201d main office Renovation &amp; Interior design works, \u2013 Ostim \/ ANKARA (2007)[\/stm_info_box][\/vc_column_inner][vc_column_inner width=&#8221;1\/3&#8243;][stm_info_box style=&#8221;style_4&#8243; title=&#8221;AK\u00c7AY\u00d6Z \u0130N\u015eAAT&#8221;]Baku Boutique Hotel conceptional design works, for the company \u201cAK\u00c7AY\u00d6Z \u0130N\u015eAAT\u201d \u2013 ANKARA (2011)[\/stm_info_box][\/vc_column_inner][\/vc_row_inner][vc_empty_space][vc_row_inner][vc_column_inner width=&#8221;1\/3&#8243;][stm_info_box style=&#8221;style_4&#8243; title=&#8221;DR C\u0130HANG\u0130R &amp; FERDA \u00c7AKICI&#8221;]The Doctor\u2019s Clinic of \u201cDR C\u0130HANG\u0130R \u00c7AKICI &amp; DR.FERDA \u00c7AKICI\u201d, Interior design works \u2013 ANKARA (2012)[\/stm_info_box][\/vc_column_inner][vc_column_inner width=&#8221;1\/3&#8243;][stm_info_box style=&#8221;style_4&#8243; title=&#8221;B\u0130LAL SABUNCU A.\u015e&#8221;]The company \u201cB\u0130LAL SABUNCU A.\u015e\u201d new additional Administration block, Architectural Design works \u2013 AYDIN (2013)[\/stm_info_box][\/vc_column_inner][vc_column_inner width=&#8221;1\/3&#8243;][stm_info_box style=&#8221;style_4&#8243; title=&#8221;M\u0130RANDA&#8221;]The company \u201cM\u0130RANDA\u201d new main office, Interior Design works \u2013 ANKARA (2013)[\/stm_info_box][\/vc_column_inner][\/vc_row_inner][vc_empty_space][vc_row_inner][vc_column_inner width=&#8221;1\/3&#8243;][stm_info_box style=&#8221;style_4&#8243; title=&#8221;OKANO\u011eLU \u0130N\u015eAAT&#8221;]The company \u201cOKANO\u011eLU \u0130N\u015eAAT\u201d new Main Office Administration Building, Conceptional design works \u2013 ANKARA (2014)[\/stm_info_box][\/vc_column_inner][vc_column_inner width=&#8221;1\/3&#8243;][stm_info_box style=&#8221;style_4&#8243; title=&#8221;K\u0130METSAN&#8221;]The company \u201cK\u0130METSAN\u201d new Production &amp; Storage Building, Architectural Design works \u2013 Sincan OSB \/ ANKARA (2014)[\/stm_info_box][\/vc_column_inner][vc_column_inner width=&#8221;1\/3&#8243;][stm_info_box style=&#8221;style_4&#8243; title=&#8221;CES MED\u0130KAL&#8221;]The company \u201cCES MED\u0130KAL\u201d new additional Administration block, Interior Design works \u2013 ANKARA (2014)[\/stm_info_box][\/vc_column_inner][\/vc_row_inner][vc_empty_space][vc_row_inner][vc_column_inner width=&#8221;1\/3&#8243;][stm_info_box style=&#8221;style_4&#8243; title=&#8221;ELS\u0130TEL ELEKTROMEKAN\u0130K&#8221;]The company \u201cELS\u0130TEL ELEKTROMEKAN\u0130K\u201d new Main Office Administration Building, Interior Design Works \u2013 ANKARA (2015)[\/stm_info_box][\/vc_column_inner][vc_column_inner width=&#8221;1\/3&#8243;][stm_info_box style=&#8221;style_4&#8243; title=&#8221;DO\u011eANLAR YATIRIM HOLD\u0130NG&#8221;]The company \u201cDO\u011eANLAR YATIRIM HOLDING\u201d FARILYA office, Interior Design works \u2013 ANKARA (2015)[\/stm_info_box][\/vc_column_inner][vc_column_inner width=&#8221;1\/3&#8243;][stm_info_box style=&#8221;style_4&#8243; title=&#8221;DO\u011eANLAR YATIRIM HOLD\u0130NG&#8221;]The company \u201cDO\u011eANLAR YATIRIM HOLDING\u201d VIA Tower office, Interior Design works \u2013 ANKARA (2015)[\/stm_info_box][\/vc_column_inner][\/vc_row_inner][vc_empty_space][vc_row_inner][vc_column_inner width=&#8221;1\/3&#8243;][stm_info_box style=&#8221;style_4&#8243; title=&#8221;WYG T\u00dcRK\u0130YE&#8221;]The company \u201cWYG-T\u00dcRK\u0130YE\u201d new Main Office Administration Building, Interior Design Works \u2013 ANKARA (2017)[\/stm_info_box][\/vc_column_inner][vc_column_inner width=&#8221;1\/3&#8243;][stm_info_box style=&#8221;style_4&#8243; title=&#8221;MEHMET AL\u0130 TUGAY&#8221;]Mehmet Ali TUGAY villa \u2013 Housing Project-ANKARA (2005)[\/stm_info_box][\/vc_column_inner][vc_column_inner width=&#8221;1\/3&#8243;][stm_info_box style=&#8221;style_4&#8243; title=&#8221;\u0130BRAH\u0130M DE\u011e\u0130RMENC\u0130&#8221;]\u0130brahim DE\u011e\u0130RMENC\u0130 \u2013 Housing Project-ANKARA (2005)[\/stm_info_box][\/vc_column_inner][\/vc_row_inner][vc_empty_space][vc_row_inner][vc_column_inner width=&#8221;1\/3&#8243;][stm_info_box style=&#8221;style_4&#8243; title=&#8221;H\u00dcSEY\u0130N K\u00d6SEO\u011eLU&#8221;]H\u00fcseyin K\u00d6SEO\u011eLU villa \u2013 Housing Project-ANKARA (2006)[\/stm_info_box][\/vc_column_inner][vc_column_inner width=&#8221;1\/3&#8243;][stm_info_box style=&#8221;style_4&#8243; title=&#8221;SAK\u0130NE DEM\u0130RAL&#8221;]Sakine DEM\u0130RAL villa \u2013 Housing Project-ANKARA (2006)[\/stm_info_box][\/vc_column_inner][vc_column_inner width=&#8221;1\/3&#8243;][stm_info_box style=&#8221;style_4&#8243; title=&#8221;TANSEL ERKE&#8221;]Tansel ERKE villa-Angora Housing Project-ANKARA (2007)[\/stm_info_box][\/vc_column_inner][\/vc_row_inner][vc_empty_space][vc_row_inner][vc_column_inner width=&#8221;1\/3&#8243;][stm_info_box style=&#8221;style_4&#8243; title=&#8221;\u0130RFAN DEM\u0130RALP&#8221;]\u0130rfan DEM\u0130RALP villa-Angora Housing Project-ANKARA (2008)[\/stm_info_box][\/vc_column_inner][vc_column_inner width=&#8221;1\/3&#8243;][stm_info_box style=&#8221;style_4&#8243; title=&#8221;ANKARA \u2013 WYG INTERNATIONAL&#8221;]Technical Assistance to the \u015eanl\u0131urfa Municipality for the \u201cImprovement of Tourism Infrastructure, Promotion and Marketing Activities Project\u201d within the Regional Competitiveness Operational Programme (RCOP) in which Ministry of Science, Industry and Technology is the Final Beneficiary. Technical Expert of WYG T\u00fcrkiye- Technical Consultant of the project and Responsible in: Providing miscellaneaus design works[\/stm_info_box][\/vc_column_inner][vc_column_inner width=&#8221;1\/3&#8243;][stm_info_box style=&#8221;style_4&#8243; title=&#8221;ANKARA-WYG INTERNAT\u0130ONAL&amp;SOFRECO KONSORS\u0130YUMU&#8221;]Technical Assistance for the Reception Centers for Asylum Seekers and Refugees and Removal Centers for the Illegal Migrants\u201d project \u201cwith no:Europaid\/126582\/D\/SER\/TR. Design Expert of WYG International Limited -Design Consultant of the project Responsible in;\u201d providing the architectural design[\/stm_info_box][\/vc_column_inner][\/vc_row_inner][\/vc_column][\/vc_row]<\/p>\n","protected":false},"excerpt":{"rendered":"<p>[vc_row][vc_column width=&#8221;1\/5&#8243;][vc_wp_custommenu nav_menu=&#8221;71&#8243;][\/vc_column][vc_column width=&#8221;4\/5&#8243;][vc_row_inner][vc_column_inner width=&#8221;1\/3&#8243;][stm_info_box style=&#8221;style_4&#8243; title=&#8221;TEKNOMAR&#8221;]\u2022 The company \u201cTEKNOMAR\u201d branch office Interior Design works \u2013 Bilkent Cyber Plaza \/ ANKARA (2005)[\/stm_info_box][\/vc_column_inner][vc_column_inner width=&#8221;1\/3&#8243;][stm_info_box style=&#8221;style_4&#8243; title=&#8221;ARSLAN HUKUK B\u00dcROSU&#8221;]The Law office \u201cARSLAN HUKUK B\u00dcROSU\u201d main office Layout &amp; Renovation and Interior design works \u2013 Ayd\u0131nl\u0131kevler \/ ANKARA (2006)[\/stm_info_box][\/vc_column_inner][vc_column_inner width=&#8221;1\/3&#8243;][stm_info_box style=&#8221;style_4&#8243; title=&#8221;TEPE TEKNOLOJ\u0130&#8221;]The company \u201cTEPE TEKNOLOJ\u0130\u201d main office<\/p>\n","protected":false},"author":1,"featured_media":0,"parent":0,"menu_order":0,"comment_status":"closed","ping_status":"closed","template":"","meta":[],"_links":{"self":[{"href":"http:\/\/fugayapi.com.tr\/en\/wp-json\/wp\/v2\/pages\/7245\/"}],"collection":[{"href":"http:\/\/fugayapi.com.tr\/en\/wp-json\/wp\/v2\/pages\/"}],"about":[{"href":"http:\/\/fugayapi.com.tr\/en\/wp-json\/wp\/v2\/types\/page\/"}],"author":[{"embeddable":true,"href":"http:\/\/fugayapi.com.tr\/en\/wp-json\/wp\/v2\/users\/1\/"}],"replies":[{"embeddable":true,"href":"http:\/\/fugayapi.com.tr\/en\/wp-json\/wp\/v2\/comments\/?post=7245"}],"version-history":[{"count":3,"href":"http:\/\/fugayapi.com.tr\/en\/wp-json\/wp\/v2\/pages\/7245\/revisions\/"}],"predecessor-version":[{"id":7248,"href":"http:\/\/fugayapi.com.tr\/en\/wp-json\/wp\/v2\/pages\/7245\/revisions\/7248\/"}],"wp:attachment":[{"href":"http:\/\/fugayapi.com.tr\/en\/wp-json\/wp\/v2\/media\/?parent=7245"}],"curies":[{"name":"wp","href":"https:\/\/api.w.org\/{rel}","templated":true}]}}