{"id":7241,"date":"2020-09-24T11:39:41","date_gmt":"2020-09-24T11:39:41","guid":{"rendered":"http:\/\/www.fuga.lmelmak.com\/insaat-uygulama-hizmetleri-2\/"},"modified":"2020-09-25T10:30:29","modified_gmt":"2020-09-25T10:30:29","slug":"insaat-uygulama-hizmetleri-2","status":"publish","type":"page","link":"http:\/\/fugayapi.com.tr\/en\/insaat-uygulama-hizmetleri-2\/","title":{"rendered":"Building Construction Works"},"content":{"rendered":"<p>[vc_row][vc_column width=&#8221;1\/5&#8243;][vc_wp_custommenu nav_menu=&#8221;71&#8243;][\/vc_column][vc_column width=&#8221;4\/5&#8243;][vc_row_inner][vc_column_inner width=&#8221;1\/3&#8243;][stm_info_box style=&#8221;style_4&#8243; title=&#8221;CES TIBB\u0130 C\u0130HAZLAR&#8221;]The Client \u201cCES T\u0131bbi Cihazlar, Branch office, All decoration works, Bilkent Cyber Plaza \/ ANKARA (2005)[\/stm_info_box][\/vc_column_inner][vc_column_inner width=&#8221;1\/3&#8243;][stm_info_box style=&#8221;style_4&#8243; title=&#8221;TEKNOMAR&#8221;]The Client;\u201dTEKNOMAR\u201dBranch office, All constrcution works, Bilkent Cyber Plaza \/ ANKARA (2005)[\/stm_info_box][\/vc_column_inner][vc_column_inner width=&#8221;1\/3&#8243;][stm_info_box style=&#8221;style_4&#8243; title=&#8221;ALPMAN HAT SANATLARI&#8221;]The Client;\u201dALPMAN HAT SANATLARI\u201d, Calligraphy Gallery, Retrofitting &amp; Decoration works, \u00c7ankaya \/ ANKARA (2006)[\/stm_info_box][\/vc_column_inner][\/vc_row_inner][vc_empty_space][vc_row_inner][vc_column_inner width=&#8221;1\/3&#8243;][stm_info_box style=&#8221;style_4&#8243; title=&#8221;TEKNOMAR&#8221;]The Client; \u201cTEKNOMAR\u201d Main office, All Construction Finishing works, Ostim \/ ANKARA (2006)[\/stm_info_box][\/vc_column_inner][vc_column_inner width=&#8221;1\/3&#8243;][stm_info_box style=&#8221;style_4&#8243; title=&#8221;ARSLAN HUKUK B\u00dcROSU&#8221;]The Client;\u201dARSLAN HUKUK B\u00dcROSU\u201d Main office, All Renovation and Decoration works, Ayd\u0131nl\u0131kevler \/ ANKARA (2006)[\/stm_info_box][\/vc_column_inner][vc_column_inner width=&#8221;1\/3&#8243;][stm_info_box style=&#8221;style_4&#8243; title=&#8221;TEPE TEKNOLOJ\u0130&#8221;]The Client; \u201cTEPE TEKNOLOJ\u0130\u201d Main Office, All Retrofitting and decoration works, Bilkent \/ ANKARA (2006)[\/stm_info_box][\/vc_column_inner][\/vc_row_inner][vc_empty_space][vc_row_inner][vc_column_inner width=&#8221;1\/3&#8243;][stm_info_box style=&#8221;style_4&#8243; title=&#8221;PROF. DR. KAZIM YAZICI&#8221;]The Client;\u201dProf.Dr.Kaz\u0131m YAZICI\u201d Doctor\u2019s Clinic, Interior Finishing &amp; Decoration works, \u00c7ankaya \/ ANKARA (2007)[\/stm_info_box][\/vc_column_inner][vc_column_inner width=&#8221;1\/3&#8243;][stm_info_box style=&#8221;style_4&#8243; title=&#8221;MEL\u0130K T\u0130CARET&#8221;]The Client;\u201dMEL\u0130K T\u0130CARET\u201d, Royal Selangor Turkey Shopping Store, All renovation &amp; Interior decoration works, Karum Shopping Mall \/ ANKARA (2007)[\/stm_info_box][\/vc_column_inner][vc_column_inner width=&#8221;1\/3&#8243;][stm_info_box style=&#8221;style_4&#8243; title=&#8221;YAPI MERKEZ\u0130 \u0130N\u015eAAT&#8221;]The Client; \u201cYAPI MERKEZ\u0130 \u0130N\u015eAAT VE SAN.A.\u015e.\u201d , All renovation, Retrofitting &amp; Interior decoration works for the Main Control &amp; Monitoring Room within Ankara-Konya High Speed Railway-Turkish State Railways, ANKARA (2011)[\/stm_info_box][\/vc_column_inner][\/vc_row_inner][vc_empty_space][vc_row_inner][vc_column_inner width=&#8221;1\/3&#8243;][stm_info_box style=&#8221;style_4&#8243; title=&#8221;DR C\u0130HANG\u0130R &amp; FERDA \u00c7AKICI&#8221;]The Client;\u201dDR C\u0130HANG\u0130R \u00c7AKICI &amp; DR.FERDA \u00c7AKICI\u201d, Doctor\u2019s Clinic, All construction works within Interior Decoration, Tepe Prime \/ ANKARA (2012)[\/stm_info_box][\/vc_column_inner][vc_column_inner width=&#8221;1\/3&#8243;][stm_info_box style=&#8221;style_4&#8243; title=&#8221;THALES&#8221;]The Client \u201cTHALES\u201d, TCDD Ankara-\u0130stanbul High Speed Railway Project, Designing, manufacturing and installing of -custom-made- fixed and movable furnitures within the Main Control\/Monitoring room (CTC) \u2013 \u2013 Railway Station Terminal Building \/ ANKARA (2014)[\/stm_info_box][\/vc_column_inner][vc_column_inner width=&#8221;1\/3&#8243;][stm_info_box style=&#8221;style_4&#8243; title=&#8221;CRCC&#8221;]The Client \u201cCRCC (China Railway Construction Corporation)\u201d, TCDD Ankara-\u0130stanbul High Speed Railway Project, Main Control\/Monitoring room (CTC) and<br \/>\nother Technical rooms related with, Phase-1 and Phase-2 Interior construction and fit-out works \u2013 Railway Station Terminal Building \/ ANKARA (2014)[\/stm_info_box][\/vc_column_inner][\/vc_row_inner][vc_empty_space][vc_row_inner][vc_column_inner width=&#8221;1\/3&#8243;][stm_info_box style=&#8221;style_4&#8243; title=&#8221;ELS\u0130TEL ELEKTROMEKAN\u0130K&#8221;]The Client \u201cELS\u0130TEL\u201d, new Main Office Administration Building, Interior renovation &amp; fit-out works, \u2013 ANKARA (2015)[\/stm_info_box][\/vc_column_inner][vc_column_inner width=&#8221;1\/3&#8243;][stm_info_box style=&#8221;style_4&#8243; title=&#8221;KANADA B\u00dcY\u00dcKEL\u00c7\u0130L\u0130\u011e\u0130&#8221;]The Client \u201cCANADIAN EMBASSY\u201d, Main Office building, Interior renovation works office \u2013 ANKARA (2016)[\/stm_info_box][\/vc_column_inner][vc_column_inner width=&#8221;1\/3&#8243;][stm_info_box style=&#8221;style_4&#8243; title=&#8221;GLOMTECH&#8221;]The Client \u201cGLOMTECH\u201d, Plaza office, Interior renovation &amp; fit-out works, \u2013 ANKARA (2015)[\/stm_info_box][\/vc_column_inner][\/vc_row_inner][vc_empty_space][vc_row_inner][vc_column_inner width=&#8221;1\/3&#8243;][stm_info_box style=&#8221;style_4&#8243; title=&#8221;MEHMET AL\u0130 TUGAY V\u0130LLASI&#8221;]Mehmet Ali TUGAY villa \u2013 Angora Housing Project \/ ANKARA (2005)[\/stm_info_box][\/vc_column_inner][vc_column_inner width=&#8221;1\/3&#8243;][stm_info_box style=&#8221;style_4&#8243; title=&#8221;H\u00dcSEY\u0130N K\u00d6SEO\u011eLU V\u0130LLASI&#8221;]H\u00fcseyin K\u00d6SEO\u011eLU villa \u2013 Angora Housing Project \/ ANKARA (2006)[\/stm_info_box][\/vc_column_inner][vc_column_inner width=&#8221;1\/3&#8243;][stm_info_box style=&#8221;style_4&#8243; title=&#8221;\u0130BRAH\u0130M DE\u011e\u0130RMENC\u0130 V\u0130LLASI&#8221;]\u0130brahim DE\u011e\u0130RMENC\u0130 villa \u2013 Angora Housing Project \/ ANKARA (2005)[\/stm_info_box][\/vc_column_inner][\/vc_row_inner][vc_empty_space][vc_row_inner][vc_column_inner width=&#8221;1\/3&#8243;][stm_info_box style=&#8221;style_4&#8243; title=&#8221;SAK\u0130NE DEM\u0130RAL V\u0130LLASI&#8221;]Sakine DEM\u0130RAL villa \u2013 Angora Housing Project \/ ANKARA (2006)[\/stm_info_box][\/vc_column_inner][vc_column_inner width=&#8221;1\/3&#8243;][stm_info_box style=&#8221;style_4&#8243; title=&#8221;\u0130RFAN DEM\u0130RALP V\u0130LLASI&#8221;]\u0130rfan DEM\u0130RALP villa \u2013 Angora Housing Project \/ ANKARA (2008)[\/stm_info_box][\/vc_column_inner][vc_column_inner width=&#8221;1\/3&#8243;][stm_info_box style=&#8221;style_4&#8243; title=&#8221;TANSEL ERKE V\u0130LLASI&#8221;]Tansel ERKE villa \u2013 Angora Housing Project \/ ANKARA (2007)[\/stm_info_box][\/vc_column_inner][\/vc_row_inner][vc_empty_space][vc_row_inner][vc_column_inner width=&#8221;1\/3&#8243;][stm_info_box style=&#8221;style_4&#8243; title=&#8221;EROL \u00d6ZENSOY&#8221;]Erol \u00d6ZENSOY villa \u2013 Beytepe District \/ ANKARA (2008)[\/stm_info_box][\/vc_column_inner][vc_column_inner width=&#8221;1\/3&#8243;][stm_info_box style=&#8221;style_4&#8243; title=&#8221;C\u0130HANG\u0130R \u00c7AKICI V\u0130LLASI&#8221;]Cihangir \u00c7AKICI villa \u2013 Angora Housing Project \/ ANKARA (2014)[\/stm_info_box][\/vc_column_inner][vc_column_inner width=&#8221;1\/3&#8243;][stm_info_box style=&#8221;style_4&#8243; title=&#8221;ETHEM BE\u015eKONAKLI V\u0130LLASI&#8221;]Ethem Be\u015fkonakl\u0131 villa, 1 st Phase works \u2013 \u0130ncek \/ ANKARA (2014)[\/stm_info_box][\/vc_column_inner][\/vc_row_inner][vc_empty_space][vc_row_inner][vc_column_inner width=&#8221;1\/3&#8243;][stm_info_box style=&#8221;style_4&#8243; title=&#8221;ETHEM BA\u015eKONAKLI V\u0130LLASI&#8221;]Ethem Be\u015fkonakl\u0131 villa, 2nd Phase works \u2013 \u0130ncek \/ ANKARA (2015)[\/stm_info_box][\/vc_column_inner][vc_column_inner width=&#8221;1\/3&#8243;][\/vc_column_inner][vc_column_inner width=&#8221;1\/3&#8243;][\/vc_column_inner][\/vc_row_inner][\/vc_column][\/vc_row]<\/p>\n","protected":false},"excerpt":{"rendered":"<p>[vc_row][vc_column width=&#8221;1\/5&#8243;][vc_wp_custommenu nav_menu=&#8221;71&#8243;][\/vc_column][vc_column width=&#8221;4\/5&#8243;][vc_row_inner][vc_column_inner width=&#8221;1\/3&#8243;][stm_info_box style=&#8221;style_4&#8243; title=&#8221;CES TIBB\u0130 C\u0130HAZLAR&#8221;]The Client \u201cCES T\u0131bbi Cihazlar, Branch office, All decoration works, Bilkent Cyber Plaza \/ ANKARA (2005)[\/stm_info_box][\/vc_column_inner][vc_column_inner width=&#8221;1\/3&#8243;][stm_info_box style=&#8221;style_4&#8243; title=&#8221;TEKNOMAR&#8221;]The Client;\u201dTEKNOMAR\u201dBranch office, All constrcution works, Bilkent Cyber Plaza \/ ANKARA (2005)[\/stm_info_box][\/vc_column_inner][vc_column_inner width=&#8221;1\/3&#8243;][stm_info_box style=&#8221;style_4&#8243; title=&#8221;ALPMAN HAT SANATLARI&#8221;]The Client;\u201dALPMAN HAT SANATLARI\u201d, Calligraphy Gallery, Retrofitting &amp; Decoration works, \u00c7ankaya \/ ANKARA<\/p>\n","protected":false},"author":1,"featured_media":0,"parent":0,"menu_order":0,"comment_status":"closed","ping_status":"closed","template":"","meta":[],"_links":{"self":[{"href":"http:\/\/fugayapi.com.tr\/en\/wp-json\/wp\/v2\/pages\/7241\/"}],"collection":[{"href":"http:\/\/fugayapi.com.tr\/en\/wp-json\/wp\/v2\/pages\/"}],"about":[{"href":"http:\/\/fugayapi.com.tr\/en\/wp-json\/wp\/v2\/types\/page\/"}],"author":[{"embeddable":true,"href":"http:\/\/fugayapi.com.tr\/en\/wp-json\/wp\/v2\/users\/1\/"}],"replies":[{"embeddable":true,"href":"http:\/\/fugayapi.com.tr\/en\/wp-json\/wp\/v2\/comments\/?post=7241"}],"version-history":[{"count":3,"href":"http:\/\/fugayapi.com.tr\/en\/wp-json\/wp\/v2\/pages\/7241\/revisions\/"}],"predecessor-version":[{"id":7244,"href":"http:\/\/fugayapi.com.tr\/en\/wp-json\/wp\/v2\/pages\/7241\/revisions\/7244\/"}],"wp:attachment":[{"href":"http:\/\/fugayapi.com.tr\/en\/wp-json\/wp\/v2\/media\/?parent=7241"}],"curies":[{"name":"wp","href":"https:\/\/api.w.org\/{rel}","templated":true}]}}