{"id":7209,"date":"2020-09-24T10:18:56","date_gmt":"2020-09-24T10:18:56","guid":{"rendered":"http:\/\/www.fuga.lmelmak.com\/hakkimizda\/"},"modified":"2020-09-25T10:16:16","modified_gmt":"2020-09-25T10:16:16","slug":"hakkimizda","status":"publish","type":"page","link":"http:\/\/fugayapi.com.tr\/en\/hakkimizda\/","title":{"rendered":"About Us"},"content":{"rendered":"<p>[vc_row][vc_column][vc_row_inner][vc_column_inner width=&#8221;2\/3&#8243;][stm_animation_block animation=&#8221;fadeInLeft&#8221; animation_duration=&#8221;0.5&#8243; animation_delay=&#8221;0.3&#8243;][vc_custom_heading stripe_pos=&#8221;hide&#8221; source=&#8221;post_title&#8221; use_theme_fonts=&#8221;yes&#8221;][vc_column_text]<span class=\"color-primary\">Fuga Yap\u0131 Teknik<\/span>, has been established in the year 2005, Fuga Yap\u0131 Teknik is a \u201cLegal Entity\u201downed by one person-Mr Cenk \u00c7ET\u0130N. Fuga Yap\u0131 Teknik possesses the main field of business as; Design&amp;ConstructionConsultancy and Management from Architectural point of view.<\/p>\n<p>Fuga Yap\u0131 Teknik is specialized especially on the science ofconcept through to completion.Fuga Yap\u0131 Teknik, as having architecture, building design &amp; construction management fromconcept through to completion. Fuga Yap\u0131 Teknik, as having<br \/>\nspecialist skills, enables the Working team to manage thedesign&amp;construction processes and use his technical knowledge and expertise to provide efficient &amp; innovative solutions<\/p>\n<p>Our Company policy is to complete our commitments \u00e7in the optimal cost as possible, to fullfill the customers\u2019 expectations and to carry out the service in the highest quality[\/vc_column_text][\/stm_animation_block][\/vc_column_inner][vc_column_inner width=&#8221;1\/3&#8243;][stm_animation_block animation=&#8221;fadeInRight&#8221; animation_duration=&#8221;0.5&#8243; animation_delay=&#8221;0.3&#8243;][vc_single_image image=&#8221;7210&#8243; img_size=&#8221;full&#8221; alignment=&#8221;center&#8221;][\/stm_animation_block][\/vc_column_inner][\/vc_row_inner][\/vc_column][\/vc_row][vc_row][vc_column][vc_row_inner][vc_column_inner][vc_custom_heading stripe_pos=&#8221;hide&#8221; text=&#8221;Core Values&#8221; use_theme_fonts=&#8221;yes&#8221;][vc_column_text]<\/p>\n<ul>\n<li>Honesty,<\/li>\n<li>Result Oriented<\/li>\n<li>Client Focus,<\/li>\n<li>Teamwork,<\/li>\n<li>Collaboration,<\/li>\n<li>Professionalism,<\/li>\n<li>Desire to serve, learn, achieve<\/li>\n<li>Respect for people and ideas<\/li>\n<li>Dream like children, think like scientists, work like farmers<\/li>\n<\/ul>\n<p>[\/vc_column_text][\/vc_column_inner][\/vc_row_inner][\/vc_column][\/vc_row]<\/p>\n","protected":false},"excerpt":{"rendered":"<p>[vc_row][vc_column][vc_row_inner][vc_column_inner width=&#8221;2\/3&#8243;][stm_animation_block animation=&#8221;fadeInLeft&#8221; animation_duration=&#8221;0.5&#8243; animation_delay=&#8221;0.3&#8243;][vc_custom_heading stripe_pos=&#8221;hide&#8221; source=&#8221;post_title&#8221; use_theme_fonts=&#8221;yes&#8221;][vc_column_text]Fuga Yap\u0131 Teknik, has been established in the year 2005, Fuga Yap\u0131 Teknik is a \u201cLegal Entity\u201downed by one person-Mr Cenk \u00c7ET\u0130N. Fuga Yap\u0131 Teknik possesses the main field of business as; Design&amp;ConstructionConsultancy and Management from Architectural point of view. Fuga Yap\u0131 Teknik is specialized especially on the<\/p>\n","protected":false},"author":1,"featured_media":0,"parent":0,"menu_order":0,"comment_status":"closed","ping_status":"closed","template":"","meta":[],"_links":{"self":[{"href":"http:\/\/fugayapi.com.tr\/en\/wp-json\/wp\/v2\/pages\/7209\/"}],"collection":[{"href":"http:\/\/fugayapi.com.tr\/en\/wp-json\/wp\/v2\/pages\/"}],"about":[{"href":"http:\/\/fugayapi.com.tr\/en\/wp-json\/wp\/v2\/types\/page\/"}],"author":[{"embeddable":true,"href":"http:\/\/fugayapi.com.tr\/en\/wp-json\/wp\/v2\/users\/1\/"}],"replies":[{"embeddable":true,"href":"http:\/\/fugayapi.com.tr\/en\/wp-json\/wp\/v2\/comments\/?post=7209"}],"version-history":[{"count":3,"href":"http:\/\/fugayapi.com.tr\/en\/wp-json\/wp\/v2\/pages\/7209\/revisions\/"}],"predecessor-version":[{"id":7213,"href":"http:\/\/fugayapi.com.tr\/en\/wp-json\/wp\/v2\/pages\/7209\/revisions\/7213\/"}],"wp:attachment":[{"href":"http:\/\/fugayapi.com.tr\/en\/wp-json\/wp\/v2\/media\/?parent=7209"}],"curies":[{"name":"wp","href":"https:\/\/api.w.org\/{rel}","templated":true}]}}